{"id":12097,"date":"2006-03-07T20:59:14","date_gmt":"2006-03-07T23:59:14","guid":{"rendered":"http:\/\/www.casaca.com.br\/home\/sobre\/"},"modified":"2020-07-08T11:54:57","modified_gmt":"2020-07-08T14:54:57","slug":"sobre","status":"publish","type":"page","link":"https:\/\/www.casaca.com.br\/site\/sobre\/","title":{"rendered":"A Hist\u00f3ria do Casaca!"},"content":{"rendered":"<p>Em mar\u00e7o do ano 2000, inspirado no grito de guerra do Vasco, o torcedor Roberto Cavalcanti criou o site C@saca para publicar seus textos e de outros amigos cruzmaltinos. O C@saca era atualizado diariamente, com not\u00edcias e colunas sobre o Vasco.<\/p>\n<p>Um ano depois, o Club de Regatas Vasco da Gama passou a ser atacado covardemente pela Rede Globo e conseq\u00fcentemente todos os seus tent\u00e1culos (ve\u00edculos de m\u00eddia, pol\u00edticos, Poder Judici\u00e1rio, etc). O Vasco n\u00e3o tinha como se defender, e at\u00e9 suas notas oficiais eram boicotadas pela imprensa.<\/p>\n<p>Por ser democr\u00e1tica, a internet era o \u00fanico canal de comunica\u00e7\u00e3o que permitia a exist\u00eancia de uma trincheira para defender o Vasco e informar seus torcedores sobre a verdade dos fatos. Essa trincheira era o site C@saca. Por\u00e9m, faltava o Vasco conhecer o C@saca.<\/p>\n<p>Naquela \u00e9poca as palavras &#8220;site&#8221; e &#8220;internet&#8221; n\u00e3o eram ouvidas dentro de S\u00e3o Janu\u00e1rio, apesar do Vasco possuir um site oficial desativado. Diante desse quadro, os integrantes do C@saca resolveram manifestar pessoalmente o apoio \u00e0 Diretoria do Vasco presidida por Eurico Miranda, e buscar os fatos acerca do clube para poder confrontar com as mentiras e especula\u00e7\u00f5es veiculadas na m\u00eddia.<\/p>\n<p>Em meados de 2001, o &#8220;C@saca&#8221; se transformou em &#8220;CASACA!&#8221;, passou a ser hospedado num provedor particular e ganhou um dom\u00ednio de f\u00e1cil memoriza\u00e7\u00e3o na internet, que \u00e9 o www.casaca.com.br.<\/p>\n<p>O CASACA! passou a fazer uma ampla cobertura dos esportes amadores praticados no Vasco que, apesar das conquistas, n\u00e3o tinham nenhuma divulga\u00e7\u00e3o na imprensa tradicional. Dirigentes, t\u00e9cnicos, comiss\u00e3o t\u00e9cnica, atletas e familiares foram aos poucos se apaixonando pelo trabalho do CASACA!.<\/p>\n<p>A aceita\u00e7\u00e3o desse trabalho foi t\u00e3o grande, que a Diretoria do Vasco convidou o CASACA! a se tornar o Site Oficial do Vasco. Mesmo honrada com o convite, a Equipe CASACA! decidiu permanecer apenas com o site de opini\u00e3o, por\u00e9m prop\u00f4s desenvolver um novo Site Oficial do Vasco. E assim aconteceu. Parte da Equipe CASACA! foi designada para a Equipe do Site Oficial do Vasco para construir e administr\u00e1-lo (o que ocorreu at\u00e9 junho de 2008).<\/p>\n<p>Focando mais na opini\u00e3o, o CASACA! seguiu em frente. Por\u00e9m, seu p\u00fablico era elitista. A massa vasca\u00edna, o pov\u00e3o, n\u00e3o tinha acesso \u00e0 internet. Ent\u00e3o, a Equipe CASACA! passou a estudar uma forma de levar o conte\u00fado do site aos vasca\u00ednos menos privilegiados. Foi desenvolvido um projeto de m\u00eddia tripla sobre o Vasco, englobando o site CASACA! e as cria\u00e7\u00f5es de um programa de r\u00e1dio e de um jornal quinzenal. Infelizmente, o CASACA! n\u00e3o conseguiu patroc\u00ednios.<\/p>\n<p>Procurado pela Equipe CASACA! para indicar empres\u00e1rios que pudessem patrocinar o projeto, o presidente Eurico Miranda entendeu que o Vasco realmente precisava desse alcance na massa cruzmaltina, e prop\u00f4s que o programa de r\u00e1dio e o jornal quinzenal fossem ve\u00edculos oficiais do Vasco. Ao aceitar prestar esse servi\u00e7o ao clube, a Equipe CASACA! teve que modificar um pouco a id\u00e9ia original do jornal e da r\u00e1dio para se adaptar \u00e0 produ\u00e7\u00e3o dos ve\u00edculos oficiais do Vasco.<\/p>\n<p>Al\u00e9m disso, como a maioria (quase a totalidade) dos integrantes do CASACA! s\u00e3o amadores, o famoso radialista S\u00e9rgio Nogueira foi convidado para conduzir o programa CASACA! no R\u00e1dio, que foi ao ar pela primeira vez no dia 4 de novembro de 2002, com uma hora de dura\u00e7\u00e3o (de 20h \u00e0s 21h na R\u00e1dio Bandeirantes AM 1360 kHz).<\/p>\n<p>O Jornal do CASACA! estreou no dia 18 de janeiro de 2003, junto com o time do Vasco no Campeonato Carioca. Durante a vit\u00f3ria sobre o Am\u00e9rica por 1&#215;0, mais de tr\u00eas mil vasca\u00ednos (20% so p\u00fablico presente em S\u00e3o Janu\u00e1rio) receberam gratuitamente o exemplar do jornal. O jornalista respons\u00e1vel atendia pelo nome de Ubiratan Solino. A diagrama\u00e7\u00e3o foi feita pelo profissional Marcus Assun\u00e7\u00e3o, j\u00e1 que nenhum integrante da Equipe CASACA! tinha condi\u00e7\u00f5es de assumir a edi\u00e7\u00e3o gr\u00e1fica.<\/p>\n<p>No in\u00edcio de 2003, incentivado por leitores do site que gostariam de contribuir financeiramente com o Vasco, o CASACA! lan\u00e7ou o projeto Vasca\u00ednos An\u00f4nimos Unidos, visando realizar campanhas espont\u00e2neas junto \u00e0 torcida vasca\u00edna em prol de necessidades do clube. A primeira campanha foi o aparelhamento do Hotel-Concentra\u00e7\u00e3o constru\u00eddo dentro de S\u00e3o Janu\u00e1rio. A segunda campanha objetivou a reforma da sala de muscula\u00e7\u00e3o da nata\u00e7\u00e3o do Vasco. Os dep\u00f3sitos banc\u00e1rios foram feitos numa conta do Club de Regatas Vasco da Gama no Banco do Brasil, exclusiva para o projeto. \u00c9 bem verdade que o lan\u00e7amento do S\u00f3cio-Torcedor &#8220;Sou Mais Vasc\u00e3o&#8221; diminuiu a participa\u00e7\u00e3o da torcida nas campanhas do projeto Vasca\u00ednos An\u00f4nimos Unidos.<\/p>\n<p>Em setembro de 2003 a Equipe CASACA! promoveu a I COPA CASACA! DE FUTSAL, que contou com a participa\u00e7\u00e3o de mais de 120 torcedores cruzmaltinos nas quadras de duas sedes do Vasco: Calabou\u00e7o e Vasco Barra. Os nomes dos 16 times homenagearam ex-jogadores do clube. Em 2004 foi a vez da I COPA CASACA! DE FUTEBOL SO\u00c7AITE, realizada nos campos de grama sint\u00e9tica dentro de S\u00e3o Janu\u00e1rio, contando com a participa\u00e7\u00e3o de mais de 170 torcedores, homenageando outros 16 ex-atletas do Vasco.<\/p>\n<p>Com o passar do tempo, o CASACA! foi ampliando sua forma de colaborar com o Gigante da Colina. Os membros da equipe se associaram ao clube e quem j\u00e1 era s\u00f3cio h\u00e1 mais de cinco anos foi convidado a integrar as chapas vitoriosas nas elei\u00e7\u00f5es para o Conselho Deliberativo. Tais participa\u00e7\u00f5es permitiram que os casaquistas acompanhassem ainda mais de perto os bastidores cruzmaltinos.<\/p>\n<p>A miss\u00e3o do CASACA! continua sendo a de defender o Vasco da famigerada flapress, e de qualquer um que tente vilipendiar a nossa institui\u00e7\u00e3o. <\/p>\n<p>Quer saber o que pensamos sobre o clube? <a href=\"https:\/\/casaca.com.br\/site\/2019\/10\/15\/filosofia-de-vasco-do-casaca\/\">Clique aqui<\/a> para conhecer nossa &#8220;Filosofia de Vasco&#8221;.<\/p>\n<p>Equipe CASACA!<\/p>\n","protected":false},"excerpt":{"rendered":"<p>Em mar\u00e7o do ano 2000, inspirado no grito de guerra do Vasco, o torcedor Roberto Cavalcanti criou o site C@saca para publicar seus textos e de outros amigos cruzmaltinos. O C@saca era atualizado diariamente, com not\u00edcias e colunas sobre o Vasco. Um ano depois, o Club de Regatas Vasco da Gama passou a ser atacado&hellip;<\/p>\n","protected":false},"author":13,"featured_media":51937,"parent":0,"menu_order":0,"comment_status":"open","ping_status":"closed","template":"","meta":{"footnotes":""},"class_list":["post-12097","page","type-page","status-publish","has-post-thumbnail","hentry"],"magazineBlocksPostFeaturedMedia":{"thumbnail":"https:\/\/www.casaca.com.br\/site\/wp-content\/uploads\/2015\/07\/casaca-150x150.jpg","medium":"https:\/\/www.casaca.com.br\/site\/wp-content\/uploads\/2015\/07\/casaca-300x194.jpg","medium_large":"https:\/\/www.casaca.com.br\/site\/wp-content\/uploads\/2015\/07\/casaca.jpg","large":"https:\/\/www.casaca.com.br\/site\/wp-content\/uploads\/2015\/07\/casaca.jpg","1536x1536":"https:\/\/www.casaca.com.br\/site\/wp-content\/uploads\/2015\/07\/casaca.jpg","2048x2048":"https:\/\/www.casaca.com.br\/site\/wp-content\/uploads\/2015\/07\/casaca.jpg","web-stories-poster-portrait":"https:\/\/www.casaca.com.br\/site\/wp-content\/uploads\/2015\/07\/casaca.jpg","web-stories-publisher-logo":"https:\/\/www.casaca.com.br\/site\/wp-content\/uploads\/2015\/07\/casaca.jpg","web-stories-thumbnail":"https:\/\/www.casaca.com.br\/site\/wp-content\/uploads\/2015\/07\/casaca.jpg"},"magazineBlocksPostAuthor":{"name":"Equipe CASACA!","avatar":"https:\/\/secure.gravatar.com\/avatar\/a4d0da8963d599f933e06f917c300e84f4f17782e27c0a693b5cb2d6d9244c6d?s=96&d=mm&r=g"},"magazineBlocksPostCommentsNumber":"5","magazineBlocksPostExcerpt":"Em mar\u00e7o do ano 2000, inspirado no grito de guerra do Vasco, o torcedor Roberto Cavalcanti criou o site C@saca para publicar seus textos e de outros amigos cruzmaltinos. O C@saca era atualizado diariamente, com not\u00edcias e colunas sobre o Vasco. Um ano depois, o Club de Regatas Vasco da Gama passou a ser atacado&hellip;","magazineBlocksPostCategories":[],"magazineBlocksPostViewCount":0,"magazineBlocksPostReadTime":6,"yoast_head":"<!-- This site is optimized with the Yoast SEO plugin v26.9 - https:\/\/yoast.com\/product\/yoast-seo-wordpress\/ -->\n<title>A Hist\u00f3ria do Casaca! | CASACA! A Comunidade 101% vasca\u00edna.<\/title>\n<meta name=\"robots\" content=\"index, follow, max-snippet:-1, max-image-preview:large, max-video-preview:-1\" \/>\n<link rel=\"canonical\" href=\"https:\/\/www.casaca.com.br\/site\/sobre\/\" \/>\n<meta property=\"og:locale\" content=\"pt_BR\" \/>\n<meta property=\"og:type\" content=\"article\" \/>\n<meta property=\"og:title\" content=\"A Hist\u00f3ria do Casaca! | CASACA! A Comunidade 101% vasca\u00edna.\" \/>\n<meta property=\"og:description\" content=\"Em mar\u00e7o do ano 2000, inspirado no grito de guerra do Vasco, o torcedor Roberto Cavalcanti criou o site C@saca para publicar seus textos e de outros amigos cruzmaltinos. O C@saca era atualizado diariamente, com not\u00edcias e colunas sobre o Vasco. Um ano depois, o Club de Regatas Vasco da Gama passou a ser atacado&hellip;\" \/>\n<meta property=\"og:url\" content=\"https:\/\/www.casaca.com.br\/site\/sobre\/\" \/>\n<meta property=\"og:site_name\" content=\"CASACA! A Comunidade 101% vasca\u00edna.\" \/>\n<meta property=\"article:publisher\" content=\"https:\/\/web.facebook.com\/sitecasaca\/\" \/>\n<meta property=\"article:modified_time\" content=\"2020-07-08T14:54:57+00:00\" \/>\n<meta property=\"og:image\" content=\"https:\/\/www.casaca.com.br\/site\/wp-content\/uploads\/2015\/07\/casaca.jpg\" \/>\n\t<meta property=\"og:image:width\" content=\"745\" \/>\n\t<meta property=\"og:image:height\" content=\"483\" \/>\n\t<meta property=\"og:image:type\" content=\"image\/jpeg\" \/>\n<meta name=\"twitter:card\" content=\"summary_large_image\" \/>\n<meta name=\"twitter:site\" content=\"@SiteCASACA\" \/>\n<meta name=\"twitter:label1\" content=\"Est. tempo de leitura\" \/>\n\t<meta name=\"twitter:data1\" content=\"5 minutos\" \/>\n<script type=\"application\/ld+json\" class=\"yoast-schema-graph\">{\"@context\":\"https:\/\/schema.org\",\"@graph\":[{\"@type\":\"WebPage\",\"@id\":\"https:\/\/www.casaca.com.br\/site\/sobre\/\",\"url\":\"https:\/\/www.casaca.com.br\/site\/sobre\/\",\"name\":\"A Hist\u00f3ria do Casaca! | CASACA! A Comunidade 101% vasca\u00edna.\",\"isPartOf\":{\"@id\":\"https:\/\/www.casaca.com.br\/site\/#website\"},\"primaryImageOfPage\":{\"@id\":\"https:\/\/www.casaca.com.br\/site\/sobre\/#primaryimage\"},\"image\":{\"@id\":\"https:\/\/www.casaca.com.br\/site\/sobre\/#primaryimage\"},\"thumbnailUrl\":\"https:\/\/www.casaca.com.br\/site\/wp-content\/uploads\/2015\/07\/casaca.jpg\",\"datePublished\":\"2006-03-07T23:59:14+00:00\",\"dateModified\":\"2020-07-08T14:54:57+00:00\",\"breadcrumb\":{\"@id\":\"https:\/\/www.casaca.com.br\/site\/sobre\/#breadcrumb\"},\"inLanguage\":\"pt-BR\",\"potentialAction\":[{\"@type\":\"ReadAction\",\"target\":[\"https:\/\/www.casaca.com.br\/site\/sobre\/\"]}]},{\"@type\":\"ImageObject\",\"inLanguage\":\"pt-BR\",\"@id\":\"https:\/\/www.casaca.com.br\/site\/sobre\/#primaryimage\",\"url\":\"https:\/\/www.casaca.com.br\/site\/wp-content\/uploads\/2015\/07\/casaca.jpg\",\"contentUrl\":\"https:\/\/www.casaca.com.br\/site\/wp-content\/uploads\/2015\/07\/casaca.jpg\",\"width\":745,\"height\":483},{\"@type\":\"BreadcrumbList\",\"@id\":\"https:\/\/www.casaca.com.br\/site\/sobre\/#breadcrumb\",\"itemListElement\":[{\"@type\":\"ListItem\",\"position\":1,\"name\":\"In\u00edcio\",\"item\":\"https:\/\/www.casaca.com.br\/site\/\"},{\"@type\":\"ListItem\",\"position\":2,\"name\":\"A Hist\u00f3ria do Casaca!\"}]},{\"@type\":\"WebSite\",\"@id\":\"https:\/\/www.casaca.com.br\/site\/#website\",\"url\":\"https:\/\/www.casaca.com.br\/site\/\",\"name\":\"CASACA! A Comunidade 101% vasca\u00edna.\",\"description\":\"A comunidade 101% vasca\u00edna na internet.\",\"publisher\":{\"@id\":\"https:\/\/www.casaca.com.br\/site\/#organization\"},\"potentialAction\":[{\"@type\":\"SearchAction\",\"target\":{\"@type\":\"EntryPoint\",\"urlTemplate\":\"https:\/\/www.casaca.com.br\/site\/?s={search_term_string}\"},\"query-input\":{\"@type\":\"PropertyValueSpecification\",\"valueRequired\":true,\"valueName\":\"search_term_string\"}}],\"inLanguage\":\"pt-BR\"},{\"@type\":\"Organization\",\"@id\":\"https:\/\/www.casaca.com.br\/site\/#organization\",\"name\":\"Casaca!\",\"url\":\"https:\/\/www.casaca.com.br\/site\/\",\"logo\":{\"@type\":\"ImageObject\",\"inLanguage\":\"pt-BR\",\"@id\":\"https:\/\/www.casaca.com.br\/site\/#\/schema\/logo\/image\/\",\"url\":\"https:\/\/www.casaca.com.br\/site\/wp-content\/uploads\/2015\/08\/logo-podcast-casaca2-e1442524578278.jpg\",\"contentUrl\":\"https:\/\/www.casaca.com.br\/site\/wp-content\/uploads\/2015\/08\/logo-podcast-casaca2-e1442524578278.jpg\",\"width\":300,\"height\":284,\"caption\":\"Casaca!\"},\"image\":{\"@id\":\"https:\/\/www.casaca.com.br\/site\/#\/schema\/logo\/image\/\"},\"sameAs\":[\"https:\/\/web.facebook.com\/sitecasaca\/\",\"https:\/\/x.com\/SiteCASACA\",\"https:\/\/www.youtube.com\/user\/WebTVdoCasaca\"]}]}<\/script>\n<!-- \/ Yoast SEO plugin. -->","yoast_head_json":{"title":"A Hist\u00f3ria do Casaca! | CASACA! A Comunidade 101% vasca\u00edna.","robots":{"index":"index","follow":"follow","max-snippet":"max-snippet:-1","max-image-preview":"max-image-preview:large","max-video-preview":"max-video-preview:-1"},"canonical":"https:\/\/www.casaca.com.br\/site\/sobre\/","og_locale":"pt_BR","og_type":"article","og_title":"A Hist\u00f3ria do Casaca! | CASACA! A Comunidade 101% vasca\u00edna.","og_description":"Em mar\u00e7o do ano 2000, inspirado no grito de guerra do Vasco, o torcedor Roberto Cavalcanti criou o site C@saca para publicar seus textos e de outros amigos cruzmaltinos. O C@saca era atualizado diariamente, com not\u00edcias e colunas sobre o Vasco. Um ano depois, o Club de Regatas Vasco da Gama passou a ser atacado&hellip;","og_url":"https:\/\/www.casaca.com.br\/site\/sobre\/","og_site_name":"CASACA! A Comunidade 101% vasca\u00edna.","article_publisher":"https:\/\/web.facebook.com\/sitecasaca\/","article_modified_time":"2020-07-08T14:54:57+00:00","og_image":[{"width":745,"height":483,"url":"https:\/\/www.casaca.com.br\/site\/wp-content\/uploads\/2015\/07\/casaca.jpg","type":"image\/jpeg"}],"twitter_card":"summary_large_image","twitter_site":"@SiteCASACA","twitter_misc":{"Est. tempo de leitura":"5 minutos"},"schema":{"@context":"https:\/\/schema.org","@graph":[{"@type":"WebPage","@id":"https:\/\/www.casaca.com.br\/site\/sobre\/","url":"https:\/\/www.casaca.com.br\/site\/sobre\/","name":"A Hist\u00f3ria do Casaca! | CASACA! A Comunidade 101% vasca\u00edna.","isPartOf":{"@id":"https:\/\/www.casaca.com.br\/site\/#website"},"primaryImageOfPage":{"@id":"https:\/\/www.casaca.com.br\/site\/sobre\/#primaryimage"},"image":{"@id":"https:\/\/www.casaca.com.br\/site\/sobre\/#primaryimage"},"thumbnailUrl":"https:\/\/www.casaca.com.br\/site\/wp-content\/uploads\/2015\/07\/casaca.jpg","datePublished":"2006-03-07T23:59:14+00:00","dateModified":"2020-07-08T14:54:57+00:00","breadcrumb":{"@id":"https:\/\/www.casaca.com.br\/site\/sobre\/#breadcrumb"},"inLanguage":"pt-BR","potentialAction":[{"@type":"ReadAction","target":["https:\/\/www.casaca.com.br\/site\/sobre\/"]}]},{"@type":"ImageObject","inLanguage":"pt-BR","@id":"https:\/\/www.casaca.com.br\/site\/sobre\/#primaryimage","url":"https:\/\/www.casaca.com.br\/site\/wp-content\/uploads\/2015\/07\/casaca.jpg","contentUrl":"https:\/\/www.casaca.com.br\/site\/wp-content\/uploads\/2015\/07\/casaca.jpg","width":745,"height":483},{"@type":"BreadcrumbList","@id":"https:\/\/www.casaca.com.br\/site\/sobre\/#breadcrumb","itemListElement":[{"@type":"ListItem","position":1,"name":"In\u00edcio","item":"https:\/\/www.casaca.com.br\/site\/"},{"@type":"ListItem","position":2,"name":"A Hist\u00f3ria do Casaca!"}]},{"@type":"WebSite","@id":"https:\/\/www.casaca.com.br\/site\/#website","url":"https:\/\/www.casaca.com.br\/site\/","name":"CASACA! A Comunidade 101% vasca\u00edna.","description":"A comunidade 101% vasca\u00edna na internet.","publisher":{"@id":"https:\/\/www.casaca.com.br\/site\/#organization"},"potentialAction":[{"@type":"SearchAction","target":{"@type":"EntryPoint","urlTemplate":"https:\/\/www.casaca.com.br\/site\/?s={search_term_string}"},"query-input":{"@type":"PropertyValueSpecification","valueRequired":true,"valueName":"search_term_string"}}],"inLanguage":"pt-BR"},{"@type":"Organization","@id":"https:\/\/www.casaca.com.br\/site\/#organization","name":"Casaca!","url":"https:\/\/www.casaca.com.br\/site\/","logo":{"@type":"ImageObject","inLanguage":"pt-BR","@id":"https:\/\/www.casaca.com.br\/site\/#\/schema\/logo\/image\/","url":"https:\/\/www.casaca.com.br\/site\/wp-content\/uploads\/2015\/08\/logo-podcast-casaca2-e1442524578278.jpg","contentUrl":"https:\/\/www.casaca.com.br\/site\/wp-content\/uploads\/2015\/08\/logo-podcast-casaca2-e1442524578278.jpg","width":300,"height":284,"caption":"Casaca!"},"image":{"@id":"https:\/\/www.casaca.com.br\/site\/#\/schema\/logo\/image\/"},"sameAs":["https:\/\/web.facebook.com\/sitecasaca\/","https:\/\/x.com\/SiteCASACA","https:\/\/www.youtube.com\/user\/WebTVdoCasaca"]}]}},"amp_enabled":true,"_links":{"self":[{"href":"https:\/\/www.casaca.com.br\/site\/wp-json\/wp\/v2\/pages\/12097","targetHints":{"allow":["GET"]}}],"collection":[{"href":"https:\/\/www.casaca.com.br\/site\/wp-json\/wp\/v2\/pages"}],"about":[{"href":"https:\/\/www.casaca.com.br\/site\/wp-json\/wp\/v2\/types\/page"}],"author":[{"embeddable":true,"href":"https:\/\/www.casaca.com.br\/site\/wp-json\/wp\/v2\/users\/13"}],"replies":[{"embeddable":true,"href":"https:\/\/www.casaca.com.br\/site\/wp-json\/wp\/v2\/comments?post=12097"}],"version-history":[{"count":2,"href":"https:\/\/www.casaca.com.br\/site\/wp-json\/wp\/v2\/pages\/12097\/revisions"}],"predecessor-version":[{"id":73160,"href":"https:\/\/www.casaca.com.br\/site\/wp-json\/wp\/v2\/pages\/12097\/revisions\/73160"}],"wp:featuredmedia":[{"embeddable":true,"href":"https:\/\/www.casaca.com.br\/site\/wp-json\/wp\/v2\/media\/51937"}],"wp:attachment":[{"href":"https:\/\/www.casaca.com.br\/site\/wp-json\/wp\/v2\/media?parent=12097"}],"curies":[{"name":"wp","href":"https:\/\/api.w.org\/{rel}","templated":true}]}}