{"id":69038,"date":"2020-01-20T00:19:47","date_gmt":"2020-01-20T03:19:47","guid":{"rendered":"https:\/\/casaca.com.br\/site\/?page_id=69038"},"modified":"2025-04-16T21:09:06","modified_gmt":"2025-04-17T00:09:06","slug":"apoie","status":"publish","type":"page","link":"https:\/\/www.casaca.com.br\/site\/apoie\/","title":{"rendered":"Apoie"},"content":{"rendered":"<p>O CASACA n\u00e3o possui funcion\u00e1rios, n\u00e3o visa lucro e n\u00e3o polui o site com propagandas. Por\u00e9m, o CASACA tem despesas diversas que sempre foram cotizadas pelos pr\u00f3prios casaquistas.<\/p>\n<p>Alguns exemplos de despesas no ano passado:<\/p>\n<ul>\n<li>Dom\u00ednio e hospedagem do site;<\/li>\n<li>Plataforma de transmiss\u00e3o da Live do CASACA;<\/li>\n<li>Impulsionamento em m\u00eddias sociais;<\/li>\n<li>Assessoria de imprensa;<\/li>\n<li>Aluguel de espa\u00e7o para reuni\u00f5es;<\/li>\n<li>Mesa de lanches nas reuni\u00f5es;<\/li>\n<li>Bolo em confraterniza\u00e7\u00f5es;<\/li>\n<li>Profissionais de foto e v\u00eddeo para eventos especiais;<\/li>\n<li>Aluguel de equipamento de som;<\/li>\n<li>Aluguel de tel\u00e3o e projetor;<\/li>\n<li>Aquisi\u00e7\u00e3o de brindes para sorteio nos eventos.<\/li>\n<\/ul>\n<h2>Voc\u00ea pode apoiar o CASACA financeiramente?<\/h2>\n<p>A quem apoiar o CASACA financeiramente, enviaremos boletins mensais de transpar\u00eancia em rela\u00e7\u00e3o aos valores arrecadados e gastos.<\/p>\n<p>Anote a\u00ed o PIX do CASACA: <strong>pix@casaca.com.br<\/strong><br \/>\nNa tela de valida\u00e7\u00e3o aparecer\u00e1 o nome de Eduardo de Freitas Maganha.<\/p>\n<p>Atrav\u00e9s do PagSeguro, voc\u00ea tamb\u00e9m pode programar doa\u00e7\u00f5es mensais, que nos d\u00e3o mais tranquilidade para planejar as iniciativas do CASACA:<\/p>\n<ul>\n<li>Doa\u00e7\u00e3o de R$ 25 por m\u00eas durante 1 ano: <a href=\"http:\/\/pag.ae\/7VESVRWhH\" target=\"_blank\" rel=\"noopener noreferrer\">http:\/\/pag.ae\/7VESVRWhH<\/a><\/li>\n<li>Doa\u00e7\u00e3o de R$ 50 por m\u00eas durante 1 ano: <a href=\"http:\/\/pag.ae\/7VESXje18\" target=\"_blank\" rel=\"noopener noreferrer\">http:\/\/pag.ae\/7VESXje18<\/a><\/li>\n<li>Doa\u00e7\u00e3o de R$ 100 por m\u00eas durante 1 ano: <a href=\"http:\/\/pag.ae\/7VESXFiKt\" target=\"_blank\" rel=\"noopener noreferrer\">http:\/\/pag.ae\/7VESXFiKt<\/a><\/li>\n<li>Doa\u00e7\u00e3o de R$ 150 por m\u00eas durante 1 ano: <a href=\"http:\/\/pag.ae\/7VESX-9pt\" target=\"_blank\" rel=\"noopener noreferrer\">http:\/\/pag.ae\/7VESX-9pt<\/a><\/li>\n<li>Doa\u00e7\u00e3o de R$ 200 por m\u00eas durante 1 ano: <a href=\"http:\/\/pag.ae\/7VESYixr4\" target=\"_blank\" rel=\"noopener noreferrer\">http:\/\/pag.ae\/7VESYixr4<\/a><\/li>\n<li>Doa\u00e7\u00e3o de R$ 250 por m\u00eas durante 1 ano: <a href=\"http:\/\/pag.ae\/7VESYEKw4\" target=\"_blank\" rel=\"noopener noreferrer\">http:\/\/pag.ae\/7VESYEKw4<\/a><\/li>\n<li>Doa\u00e7\u00e3o de R$ 300 por m\u00eas durante 1 ano: <a href=\"http:\/\/pag.ae\/7VESY_XTJ\" target=\"_blank\" rel=\"noopener noreferrer\">http:\/\/pag.ae\/7VESY_XTJ<\/a><\/li>\n<li>Doa\u00e7\u00e3o de R$ 400 por m\u00eas durante 1 ano: <a href=\"http:\/\/pag.ae\/7VEU6CYuo\" target=\"_blank\" rel=\"noopener noreferrer\">http:\/\/pag.ae\/7VEU6CYuo<\/a><\/li>\n<li>Doa\u00e7\u00e3o de R$ 500 por m\u00eas durante 1 ano: <a href=\"http:\/\/pag.ae\/7VEU6Zh-p\" target=\"_blank\" rel=\"noopener noreferrer\">http:\/\/pag.ae\/7VEU6Zh-p<\/a><\/li>\n<li>Doa\u00e7\u00e3o de R$ 1.000 por m\u00eas durante 1 ano: <a href=\"http:\/\/pag.ae\/7VEU7d_CK\" target=\"_blank\" rel=\"noopener noreferrer\">http:\/\/pag.ae\/7VEU7d_CK<\/a><\/li>\n<\/ul>\n<p>Obrigado pelo apoio!<\/p>\n<p>CASACA!<\/p>\n","protected":false},"excerpt":{"rendered":"<p>O CASACA n\u00e3o possui funcion\u00e1rios, n\u00e3o visa lucro e n\u00e3o polui o site com propagandas. Por\u00e9m, o CASACA tem despesas diversas que sempre foram cotizadas pelos pr\u00f3prios casaquistas. Alguns exemplos de despesas no ano passado: Dom\u00ednio e hospedagem do site; Plataforma de transmiss\u00e3o da Live do CASACA; Impulsionamento em m\u00eddias sociais; Assessoria de imprensa; Aluguel&hellip;<\/p>\n","protected":false},"author":11,"featured_media":0,"parent":0,"menu_order":0,"comment_status":"closed","ping_status":"closed","template":"","meta":{"footnotes":""},"class_list":["post-69038","page","type-page","status-publish","hentry"],"magazineBlocksPostFeaturedMedia":{"thumbnail":false,"medium":false,"medium_large":false,"large":false,"1536x1536":false,"2048x2048":false,"web-stories-poster-portrait":false,"web-stories-publisher-logo":false,"web-stories-thumbnail":false},"magazineBlocksPostAuthor":{"name":"Eduardo Maganha","avatar":"https:\/\/secure.gravatar.com\/avatar\/fababb396bb8c49d92b5c3fa98d9350c1080bdd0fcba6541f4532b4671e52b17?s=96&d=mm&r=g"},"magazineBlocksPostCommentsNumber":false,"magazineBlocksPostExcerpt":"O CASACA n\u00e3o possui funcion\u00e1rios, n\u00e3o visa lucro e n\u00e3o polui o site com propagandas. Por\u00e9m, o CASACA tem despesas diversas que sempre foram cotizadas pelos pr\u00f3prios casaquistas. Alguns exemplos de despesas no ano passado: Dom\u00ednio e hospedagem do site; Plataforma de transmiss\u00e3o da Live do CASACA; Impulsionamento em m\u00eddias sociais; Assessoria de imprensa; Aluguel&hellip;","magazineBlocksPostCategories":[],"magazineBlocksPostViewCount":0,"magazineBlocksPostReadTime":2,"yoast_head":"<!-- This site is optimized with the Yoast SEO plugin v26.9 - https:\/\/yoast.com\/product\/yoast-seo-wordpress\/ -->\n<title>Apoie | CASACA! A Comunidade 101% vasca\u00edna.<\/title>\n<meta name=\"robots\" content=\"index, follow, max-snippet:-1, max-image-preview:large, max-video-preview:-1\" \/>\n<link rel=\"canonical\" href=\"https:\/\/www.casaca.com.br\/site\/apoie\/\" \/>\n<meta property=\"og:locale\" content=\"pt_BR\" \/>\n<meta property=\"og:type\" content=\"article\" \/>\n<meta property=\"og:title\" content=\"Apoie | CASACA! A Comunidade 101% vasca\u00edna.\" \/>\n<meta property=\"og:description\" content=\"O CASACA n\u00e3o possui funcion\u00e1rios, n\u00e3o visa lucro e n\u00e3o polui o site com propagandas. Por\u00e9m, o CASACA tem despesas diversas que sempre foram cotizadas pelos pr\u00f3prios casaquistas. Alguns exemplos de despesas no ano passado: Dom\u00ednio e hospedagem do site; Plataforma de transmiss\u00e3o da Live do CASACA; Impulsionamento em m\u00eddias sociais; Assessoria de imprensa; Aluguel&hellip;\" \/>\n<meta property=\"og:url\" content=\"https:\/\/www.casaca.com.br\/site\/apoie\/\" \/>\n<meta property=\"og:site_name\" content=\"CASACA! A Comunidade 101% vasca\u00edna.\" \/>\n<meta property=\"article:publisher\" content=\"https:\/\/web.facebook.com\/sitecasaca\/\" \/>\n<meta property=\"article:modified_time\" content=\"2025-04-17T00:09:06+00:00\" \/>\n<meta property=\"og:image\" content=\"https:\/\/www.casaca.com.br\/site\/wp-content\/uploads\/2018\/01\/imagem_casaca.png\" \/>\n\t<meta property=\"og:image:width\" content=\"600\" \/>\n\t<meta property=\"og:image:height\" content=\"315\" \/>\n\t<meta property=\"og:image:type\" content=\"image\/png\" \/>\n<meta name=\"twitter:card\" content=\"summary_large_image\" \/>\n<meta name=\"twitter:site\" content=\"@SiteCASACA\" \/>\n<meta name=\"twitter:label1\" content=\"Est. tempo de leitura\" \/>\n\t<meta name=\"twitter:data1\" content=\"2 minutos\" \/>\n<script type=\"application\/ld+json\" class=\"yoast-schema-graph\">{\"@context\":\"https:\/\/schema.org\",\"@graph\":[{\"@type\":\"WebPage\",\"@id\":\"https:\/\/www.casaca.com.br\/site\/apoie\/\",\"url\":\"https:\/\/www.casaca.com.br\/site\/apoie\/\",\"name\":\"Apoie | CASACA! A Comunidade 101% vasca\u00edna.\",\"isPartOf\":{\"@id\":\"https:\/\/www.casaca.com.br\/site\/#website\"},\"datePublished\":\"2020-01-20T03:19:47+00:00\",\"dateModified\":\"2025-04-17T00:09:06+00:00\",\"breadcrumb\":{\"@id\":\"https:\/\/www.casaca.com.br\/site\/apoie\/#breadcrumb\"},\"inLanguage\":\"pt-BR\",\"potentialAction\":[{\"@type\":\"ReadAction\",\"target\":[\"https:\/\/www.casaca.com.br\/site\/apoie\/\"]}]},{\"@type\":\"BreadcrumbList\",\"@id\":\"https:\/\/www.casaca.com.br\/site\/apoie\/#breadcrumb\",\"itemListElement\":[{\"@type\":\"ListItem\",\"position\":1,\"name\":\"In\u00edcio\",\"item\":\"https:\/\/www.casaca.com.br\/site\/\"},{\"@type\":\"ListItem\",\"position\":2,\"name\":\"Apoie\"}]},{\"@type\":\"WebSite\",\"@id\":\"https:\/\/www.casaca.com.br\/site\/#website\",\"url\":\"https:\/\/www.casaca.com.br\/site\/\",\"name\":\"CASACA! A Comunidade 101% vasca\u00edna.\",\"description\":\"A comunidade 101% vasca\u00edna na internet.\",\"publisher\":{\"@id\":\"https:\/\/www.casaca.com.br\/site\/#organization\"},\"potentialAction\":[{\"@type\":\"SearchAction\",\"target\":{\"@type\":\"EntryPoint\",\"urlTemplate\":\"https:\/\/www.casaca.com.br\/site\/?s={search_term_string}\"},\"query-input\":{\"@type\":\"PropertyValueSpecification\",\"valueRequired\":true,\"valueName\":\"search_term_string\"}}],\"inLanguage\":\"pt-BR\"},{\"@type\":\"Organization\",\"@id\":\"https:\/\/www.casaca.com.br\/site\/#organization\",\"name\":\"Casaca!\",\"url\":\"https:\/\/www.casaca.com.br\/site\/\",\"logo\":{\"@type\":\"ImageObject\",\"inLanguage\":\"pt-BR\",\"@id\":\"https:\/\/www.casaca.com.br\/site\/#\/schema\/logo\/image\/\",\"url\":\"https:\/\/www.casaca.com.br\/site\/wp-content\/uploads\/2015\/08\/logo-podcast-casaca2-e1442524578278.jpg\",\"contentUrl\":\"https:\/\/www.casaca.com.br\/site\/wp-content\/uploads\/2015\/08\/logo-podcast-casaca2-e1442524578278.jpg\",\"width\":300,\"height\":284,\"caption\":\"Casaca!\"},\"image\":{\"@id\":\"https:\/\/www.casaca.com.br\/site\/#\/schema\/logo\/image\/\"},\"sameAs\":[\"https:\/\/web.facebook.com\/sitecasaca\/\",\"https:\/\/x.com\/SiteCASACA\",\"https:\/\/www.youtube.com\/user\/WebTVdoCasaca\"]}]}<\/script>\n<!-- \/ Yoast SEO plugin. -->","yoast_head_json":{"title":"Apoie | CASACA! A Comunidade 101% vasca\u00edna.","robots":{"index":"index","follow":"follow","max-snippet":"max-snippet:-1","max-image-preview":"max-image-preview:large","max-video-preview":"max-video-preview:-1"},"canonical":"https:\/\/www.casaca.com.br\/site\/apoie\/","og_locale":"pt_BR","og_type":"article","og_title":"Apoie | CASACA! A Comunidade 101% vasca\u00edna.","og_description":"O CASACA n\u00e3o possui funcion\u00e1rios, n\u00e3o visa lucro e n\u00e3o polui o site com propagandas. Por\u00e9m, o CASACA tem despesas diversas que sempre foram cotizadas pelos pr\u00f3prios casaquistas. Alguns exemplos de despesas no ano passado: Dom\u00ednio e hospedagem do site; Plataforma de transmiss\u00e3o da Live do CASACA; Impulsionamento em m\u00eddias sociais; Assessoria de imprensa; Aluguel&hellip;","og_url":"https:\/\/www.casaca.com.br\/site\/apoie\/","og_site_name":"CASACA! A Comunidade 101% vasca\u00edna.","article_publisher":"https:\/\/web.facebook.com\/sitecasaca\/","article_modified_time":"2025-04-17T00:09:06+00:00","og_image":[{"width":600,"height":315,"url":"https:\/\/www.casaca.com.br\/site\/wp-content\/uploads\/2018\/01\/imagem_casaca.png","type":"image\/png"}],"twitter_card":"summary_large_image","twitter_site":"@SiteCASACA","twitter_misc":{"Est. tempo de leitura":"2 minutos"},"schema":{"@context":"https:\/\/schema.org","@graph":[{"@type":"WebPage","@id":"https:\/\/www.casaca.com.br\/site\/apoie\/","url":"https:\/\/www.casaca.com.br\/site\/apoie\/","name":"Apoie | CASACA! A Comunidade 101% vasca\u00edna.","isPartOf":{"@id":"https:\/\/www.casaca.com.br\/site\/#website"},"datePublished":"2020-01-20T03:19:47+00:00","dateModified":"2025-04-17T00:09:06+00:00","breadcrumb":{"@id":"https:\/\/www.casaca.com.br\/site\/apoie\/#breadcrumb"},"inLanguage":"pt-BR","potentialAction":[{"@type":"ReadAction","target":["https:\/\/www.casaca.com.br\/site\/apoie\/"]}]},{"@type":"BreadcrumbList","@id":"https:\/\/www.casaca.com.br\/site\/apoie\/#breadcrumb","itemListElement":[{"@type":"ListItem","position":1,"name":"In\u00edcio","item":"https:\/\/www.casaca.com.br\/site\/"},{"@type":"ListItem","position":2,"name":"Apoie"}]},{"@type":"WebSite","@id":"https:\/\/www.casaca.com.br\/site\/#website","url":"https:\/\/www.casaca.com.br\/site\/","name":"CASACA! A Comunidade 101% vasca\u00edna.","description":"A comunidade 101% vasca\u00edna na internet.","publisher":{"@id":"https:\/\/www.casaca.com.br\/site\/#organization"},"potentialAction":[{"@type":"SearchAction","target":{"@type":"EntryPoint","urlTemplate":"https:\/\/www.casaca.com.br\/site\/?s={search_term_string}"},"query-input":{"@type":"PropertyValueSpecification","valueRequired":true,"valueName":"search_term_string"}}],"inLanguage":"pt-BR"},{"@type":"Organization","@id":"https:\/\/www.casaca.com.br\/site\/#organization","name":"Casaca!","url":"https:\/\/www.casaca.com.br\/site\/","logo":{"@type":"ImageObject","inLanguage":"pt-BR","@id":"https:\/\/www.casaca.com.br\/site\/#\/schema\/logo\/image\/","url":"https:\/\/www.casaca.com.br\/site\/wp-content\/uploads\/2015\/08\/logo-podcast-casaca2-e1442524578278.jpg","contentUrl":"https:\/\/www.casaca.com.br\/site\/wp-content\/uploads\/2015\/08\/logo-podcast-casaca2-e1442524578278.jpg","width":300,"height":284,"caption":"Casaca!"},"image":{"@id":"https:\/\/www.casaca.com.br\/site\/#\/schema\/logo\/image\/"},"sameAs":["https:\/\/web.facebook.com\/sitecasaca\/","https:\/\/x.com\/SiteCASACA","https:\/\/www.youtube.com\/user\/WebTVdoCasaca"]}]}},"amp_enabled":true,"_links":{"self":[{"href":"https:\/\/www.casaca.com.br\/site\/wp-json\/wp\/v2\/pages\/69038","targetHints":{"allow":["GET"]}}],"collection":[{"href":"https:\/\/www.casaca.com.br\/site\/wp-json\/wp\/v2\/pages"}],"about":[{"href":"https:\/\/www.casaca.com.br\/site\/wp-json\/wp\/v2\/types\/page"}],"author":[{"embeddable":true,"href":"https:\/\/www.casaca.com.br\/site\/wp-json\/wp\/v2\/users\/11"}],"replies":[{"embeddable":true,"href":"https:\/\/www.casaca.com.br\/site\/wp-json\/wp\/v2\/comments?post=69038"}],"version-history":[{"count":6,"href":"https:\/\/www.casaca.com.br\/site\/wp-json\/wp\/v2\/pages\/69038\/revisions"}],"predecessor-version":[{"id":73895,"href":"https:\/\/www.casaca.com.br\/site\/wp-json\/wp\/v2\/pages\/69038\/revisions\/73895"}],"wp:attachment":[{"href":"https:\/\/www.casaca.com.br\/site\/wp-json\/wp\/v2\/media?parent=69038"}],"curies":[{"name":"wp","href":"https:\/\/api.w.org\/{rel}","templated":true}]}}